{"id":26287,"date":"2023-09-21T14:07:38","date_gmt":"2023-09-21T12:07:38","guid":{"rendered":"https:\/\/www.institutrichelieu.com\/?page_id=26287"},"modified":"2023-09-21T14:07:38","modified_gmt":"2023-09-21T12:07:38","slug":"the-school-jp","status":"publish","type":"page","link":"https:\/\/www.institutrichelieu.com\/en\/the-school-jp\/","title":{"rendered":"\u0627\u0644\u0645\u062f\u0631\u0633\u0629"},"content":{"rendered":"<section class=\"wpb-content-wrapper\"><section id=\"gamme\" data-vc-full-width=\"true\" data-vc-full-width-init=\"false\" data-vc-stretch-content=\"true\" class=\"vc_row wpb_row vc_row-fluid moving-gold vc_custom_1693667680950 pofo-stretch-content\"><div class=\"wpb_column vc_column_container vc_col-sm-2  col-xs-mobile-fullwidth\"><div class=\"vc_column-inner \"><div class=\"wpb_wrapper\"><\/div><\/div><\/div><div class=\"wpb_column vc_column_container vc_col-sm-8  col-xs-mobile-fullwidth\"><div class=\"vc_column-inner \"><div class=\"wpb_wrapper\"><div class=\"last-paragraph-no-margin\" style=\"color: #ffffff;\"><h1>\u5b66\u6821\u306e\u7d39\u4ecb<\/h1>\n<p>1962\u5e74\u306b\u5275\u7acb\u3055\u308c\u305f\u30a2\u30f3\u30b9\u30c6\u30a3\u30c1\u30e5\u30fb\u30ea\u30b7\u30e5\u30ea\u30e5\u30fc\u306f\u3001\u4f55\u4e16\u4ee3\u306b\u3082\u308f\u305f\u308a\u3001\u30d5\u30e9\u30f3\u30b9\u8a9e\u5b66\u7fd2\u8005\u3092\u80b2\u3066\u3066\u304d\u305f\u3001\u683c\u8abf\u3042\u308b\u5b66\u6821\u3067\u3054\u3056\u3044\u307e\u3059\u3002\u3053\u306e\u9577\u3044\u6b74\u53f2\u306f\u3001EDUQUA\u306e\u8a8d\u8a3c\u306b\u3088\u3063\u3066\u88cf\u4ed8\u3051\u3089\u308c\u3066\u304a\u308a\u307e\u3059\u3002<br \/>\n\u5f53\u6821\u306e\u8b1b\u5e2b\u9663\u306f\u3001\u7686\u3055\u307e\u306e\u30d5\u30e9\u30f3\u30b9\u8a9e\u306e\u5e2b\u3068\u3057\u3066\u9577\u3044\u7d4c\u9a13\u3092\u6301\u3064\u30cd\u30a4\u30c6\u30a3\u30d6\u30b9\u30d4\u30fc\u30ab\u30fc\u3067\u3054\u3056\u3044\u307e\u3059\u3002\u5f7c\u3089\u306e\u7d4c\u9a13\u3068\u5c02\u9580\u77e5\u8b58\u306f\u3001\u30b3\u30fc\u30b9\u671f\u9593\u4e2d\u306b\u304a\u3051\u308b\u6700\u9ad8\u306e\u30b5\u30dd\u30fc\u30c8\u3092\u4fdd\u8a3c\u3044\u305f\u3057\u307e\u3059\u3002<br \/>\n\u30a2\u30f3\u30b9\u30c6\u30a3\u30c1\u30e5\u30fb\u30ea\u30b7\u30e5\u30ea\u30e5\u30fc\u3067\u306f\u3001\u7686\u3055\u307e\u306e\u30cb\u30fc\u30ba\u306b\u8033\u3092\u50be\u3051\u308b\u30c1\u30fc\u30e0\u306b\u3088\u308b\u771f\u306e\u30d1\u30fc\u30bd\u30ca\u30eb\u30b1\u30a2\u3001\u30d7\u30ed\u30d5\u30a7\u30c3\u30b7\u30e7\u30ca\u30eb\u306a\u96f0\u56f2\u6c17\u3001\u8208\u5473\u6df1\u3044\u30a2\u30af\u30c6\u30a3\u30d3\u30c6\u30a3\u3001\u305d\u3057\u3066\u5b66\u751f\u30d3\u30b6\u3001\u6ede\u5728\u8a31\u53ef\u8a3c\u3001\u305d\u306e\u4ed6\u306e\u624b\u7d9a\u304d\u306b\u95a2\u3059\u308b\u4e07\u5168\u306e\u30b5\u30dd\u30fc\u30c8\u3092\u63d0\u4f9b\u3044\u305f\u3057\u307e\u3059\u3002<\/p>\n<p><strong>\u30b3\u30fc\u30b9\u306e\u7a2e\u985e<\/strong><br \/>\n\u5f53\u6821\u306e\u30d5\u30e9\u30f3\u30b9\u8a9e\u30b3\u30fc\u30b9\u306f\u5b66\u671f\u3054\u3068\u306b\u69cb\u6210\u3055\u308c\u3066\u304a\u308a\u3001A1\u304b\u3089B2\u307e\u3067\u306e\u5e45\u5e83\u3044\u30ec\u30d9\u30eb\u306e\u30b3\u30fc\u30b9\u3092\u3054\u63d0\u4f9b\u3057\u3066\u304a\u308a\u307e\u3059:<br \/>\n\u2022 \u671d\u306e\u30a4\u30f3\u30c6\u30f3\u30b7\u30d6\u30b3\u30fc\u30b9<br \/>\n\u2022 \u591c\u9593\u30b3\u30fc\u30b9<br \/>\n\u2022 \u30bb\u30df\u30a4\u30f3\u30c6\u30f3\u30b7\u30d6\u30b3\u30fc\u30b9<br \/>\n\u2022 \u30db\u30fc\u30e0\u30b9\u30c6\u30a4\u3092\u6d3b\u7528\u3057\u305f\u8a00\u8a9e\u5b66\u7fd2<br \/>\n\u2022 DELF\/DALF\u30b3\u30fc\u30b9<br \/>\n\u2022 \u30d7\u30e9\u30a4\u30d9\u30fc\u30c8\/\u30bb\u30df\u30d7\u30e9\u30a4\u30d9\u30fc\u30c8\u30b3\u30fc\u30b9<br \/>\n\u2022 \u30aa\u30f3\u30e9\u30a4\u30f3\u30b3\u30fc\u30b9<\/p>\n<p><strong>\u30d9\u30cd\u30d5\u30a3\u30c3\u30c8<\/strong><br \/>\n\u2022 \u3044\u3064\u3067\u3082\u3054\u53d7\u8b1b\u3092\u958b\u59cb\u3044\u305f\u3060\u3051\u307e\u3059<br \/>\n\u2022 \u5c11\u4eba\u6570\u5236\u3067\u6e29\u304b\u3044\u96f0\u56f2\u6c17\u306e\u4e2d\u3067\u5b66\u3076\u3053\u3068\u304c\u3067\u304d\u307e\u3059<br \/>\n\u2022 \u5165\u5b66\u91d1\u3001\u7533\u8fbc\u91d1\u306f\u4e00\u5207\u3054\u3056\u3044\u307e\u305b\u3093<br \/>\n\u2022 \u6587\u5316\u7684\u306a\u5916\u51fa\u3084\u5730\u57df\u306e\u63a2\u7d22<br \/>\n\u2022 \u30d3\u30b6\u7533\u8acb\u3001\u6ede\u5728\u8a31\u53ef\u306a\u3069\u306e\u4e8b\u52d9\u30b5\u30dd\u30fc\u30c8\u3092\u3054\u63d0\u4f9b<br \/>\n\u2022 \u30ed\u30fc\u30b6\u30f3\u30cc\u4e2d\u5fc3\u90e8\u306b\u4f4d\u7f6e\u3059\u308b\u5b66\u6821<\/p>\n<\/div><div class=\"vc_row wpb_row vc_inner vc_row-fluid  vc_custom_1693661395575\"><div class=\"wpb_column vc_column_container vc_col-sm-4  col-xs-mobile-fullwidth\"><div class=\"vc_column-inner \"><div class=\"wpb_wrapper\">[vc_btn title=&#8221;\u304a\u554f\u3044\u5408\u308f\u305b&#8221; color=&#8221;black&#8221; align=&#8221;center&#8221; button_block=&#8221;true&#8221; link=&#8221;url:https%3A%2F%2Fwww.institutrichelieu.com%2Fen%2Fcontact-us%2F&#8221;]<\/div><\/div><\/div><div class=\"wpb_column vc_column_container vc_col-sm-4  col-xs-mobile-fullwidth\"><div class=\"vc_column-inner \"><div class=\"wpb_wrapper\">[vc_btn title=&#8221;\u30b3\u30fc\u30b9\u30d7\u30ed\u30b0\u30e9\u30e0&#8221; color=&#8221;black&#8221; align=&#8221;center&#8221; button_block=&#8221;true&#8221; link=&#8221;url:https%3A%2F%2Fwww.institutrichelieu.com%2Fen%2Four-courses%2F%23terms&#8221;]<\/div><\/div><\/div><div class=\"wpb_column vc_column_container vc_col-sm-4  col-xs-mobile-fullwidth\"><div class=\"vc_column-inner \"><div class=\"wpb_wrapper\">[vc_btn title=&#8221;\u304a\u7533\u3057\u8fbc\u307f&#8221; color=&#8221;black&#8221; align=&#8221;center&#8221; button_block=&#8221;true&#8221; link=&#8221;url:https%3A%2F%2Fwww.institutrichelieu.com%2Fen%2Fregistrations%2F&#8221;]<\/div><\/div><\/div><\/div><\/div><\/div><\/div><div class=\"wpb_column vc_column_container vc_col-sm-2  col-xs-mobile-fullwidth\"><div class=\"vc_column-inner \"><div class=\"wpb_wrapper\"><\/div><\/div><\/div><\/section><div class=\"vc_row-full-width vc_clearfix\"><\/div>\n<\/section>","protected":false},"excerpt":{"rendered":"\u5b66\u6821\u306e\u7d39\u4ecb 1962\u5e74\u306b\u5275\u7acb\u3055\u308c\u305f\u30a2\u30f3\u30b9\u30c6\u30a3\u30c1\u30e5\u30fb\u30ea\u30b7\u30e5\u30ea\u30e5\u30fc\u306f\u3001\u4f55\u4e16\u4ee3\u306b\u3082\u308f\u305f\u308a\u3001\u30d5\u30e9\u30f3\u30b9\u8a9e\u5b66\u7fd2\u8005\u3092\u80b2\u3066\u3066\u304d\u305f\u3001\u683c\u8abf\u3042\u308b\u5b66\u6821\u3067\u3054\u3056\u3044\u307e\u3059\u3002\u3053\u306e\u9577\u3044\u6b74\u53f2\u306f\u3001EDUQUA\u306e\u8a8d\u8a3c\u306b\u3088\u3063\u3066\u88cf\u4ed8\u3051\u3089\u308c\u3066\u304a\u308a\u307e\u3059\u3002 \u5f53\u6821\u306e\u8b1b\u5e2b\u9663\u306f\u3001\u7686\u3055\u307e\u306e\u30d5\u30e9\u30f3\u30b9\u8a9e\u306e\u5e2b\u3068\u3057\u3066\u9577\u3044\u7d4c\u9a13\u3092\u6301\u3064\u30cd\u30a4\u30c6\u30a3\u30d6\u30b9\u30d4\u30fc\u30ab\u30fc\u3067\u3054\u3056\u3044\u307e\u3059\u3002\u5f7c\u3089\u306e\u7d4c\u9a13\u3068\u5c02\u9580\u77e5\u8b58\u306f\u3001\u30b3\u30fc\u30b9\u671f\u9593\u4e2d\u306b\u304a\u3051\u308b\u6700\u9ad8\u306e\u30b5\u30dd\u30fc\u30c8\u3092\u4fdd\u8a3c\u3044\u305f\u3057\u307e\u3059\u3002 \u30a2\u30f3\u30b9\u30c6\u30a3\u30c1\u30e5\u30fb\u30ea\u30b7\u30e5\u30ea\u30e5\u30fc\u3067\u306f\u3001\u7686\u3055\u307e\u306e\u30cb\u30fc\u30ba\u306b\u8033\u3092\u50be\u3051\u308b\u30c1\u30fc\u30e0\u306b\u3088\u308b\u771f\u306e\u30d1\u30fc\u30bd\u30ca\u30eb\u30b1\u30a2\u3001\u30d7\u30ed\u30d5\u30a7\u30c3\u30b7\u30e7\u30ca\u30eb\u306a\u96f0\u56f2\u6c17\u3001\u8208\u5473\u6df1\u3044\u30a2\u30af\u30c6\u30a3\u30d3\u30c6\u30a3\u3001\u305d\u3057\u3066\u5b66\u751f\u30d3\u30b6\u3001\u6ede\u5728\u8a31\u53ef\u8a3c\u3001\u305d\u306e\u4ed6\u306e\u624b\u7d9a\u304d\u306b\u95a2\u3059\u308b\u4e07\u5168\u306e\u30b5\u30dd\u30fc\u30c8\u3092\u63d0\u4f9b\u3044\u305f\u3057\u307e\u3059\u3002 \u30b3\u30fc\u30b9\u306e\u7a2e\u985e \u5f53\u6821\u306e\u30d5\u30e9\u30f3\u30b9\u8a9e\u30b3\u30fc\u30b9\u306f\u5b66\u671f\u3054\u3068\u306b\u69cb\u6210\u3055\u308c\u3066\u304a\u308a\u3001A1\u304b\u3089B2\u307e\u3067\u306e\u5e45\u5e83\u3044\u30ec\u30d9\u30eb\u306e\u30b3\u30fc\u30b9\u3092\u3054\u63d0\u4f9b\u3057\u3066\u304a\u308a\u307e\u3059: \u2022 \u671d\u306e\u30a4\u30f3\u30c6\u30f3\u30b7\u30d6\u30b3\u30fc\u30b9 \u2022 \u591c\u9593\u30b3\u30fc\u30b9 \u2022 \u30bb\u30df\u30a4\u30f3\u30c6\u30f3\u30b7\u30d6\u30b3\u30fc\u30b9 \u2022 \u30db\u30fc\u30e0\u30b9\u30c6\u30a4\u3092\u6d3b\u7528\u3057\u305f\u8a00\u8a9e\u5b66\u7fd2 \u2022 DELF\/DALF\u30b3\u30fc\u30b9 \u2022 \u30d7\u30e9\u30a4\u30d9\u30fc\u30c8\/\u30bb\u30df\u30d7\u30e9\u30a4\u30d9\u30fc\u30c8\u30b3\u30fc\u30b9 \u2022 \u30aa\u30f3\u30e9\u30a4\u30f3\u30b3\u30fc\u30b9 \u30d9\u30cd\u30d5\u30a3\u30c3\u30c8 \u2022 \u3044\u3064\u3067\u3082\u3054\u53d7\u8b1b\u3092\u958b\u59cb\u3044\u305f\u3060\u3051\u307e\u3059 \u2022 \u5c11\u4eba\u6570\u5236\u3067\u6e29\u304b\u3044\u96f0\u56f2\u6c17\u306e\u4e2d\u3067\u5b66\u3076\u3053\u3068\u304c\u3067\u304d\u307e\u3059 \u2022 \u5165\u5b66\u91d1\u3001\u7533\u8fbc\u91d1\u306f\u4e00\u5207\u3054\u3056\u3044\u307e\u305b\u3093 \u2022 \u6587\u5316\u7684\u306a\u5916\u51fa\u3084\u5730\u57df\u306e\u63a2\u7d22 \u2022 \u30d3\u30b6\u7533\u8acb\u3001\u6ede\u5728\u8a31\u53ef\u306a\u3069\u306e\u4e8b\u52d9\u30b5\u30dd\u30fc\u30c8\u3092\u3054\u63d0\u4f9b \u2022 \u30ed\u30fc\u30b6\u30f3\u30cc\u4e2d\u5fc3\u90e8\u306b\u4f4d\u7f6e\u3059\u308b\u5b66\u6821 [vc_btn title=\"\u304a\u554f\u3044\u5408\u308f\u305b\" color=\"black\" align=\"center\" button_block=\"true\" link=\"url:https%3A%2F%2Fwww.institutrichelieu.com%2Fen%2Fcontact-us%2F\"][vc_btn title=\"\u30b3\u30fc\u30b9\u30d7\u30ed\u30b0\u30e9\u30e0\" color=\"black\" align=\"center\" button_block=\"true\" link=\"url:https%3A%2F%2Fwww.institutrichelieu.com%2Fen%2Four-courses%2F%23terms\"][vc_btn title=\"\u304a\u7533\u3057\u8fbc\u307f\" color=\"black\" align=\"center\" button_block=\"true\" link=\"url:https%3A%2F%2Fwww.institutrichelieu.com%2Fen%2Fregistrations%2F\"]","protected":false},"author":6,"featured_media":0,"parent":0,"menu_order":0,"comment_status":"closed","ping_status":"closed","template":"","meta":{"footnotes":""},"class_list":["post-26287","page","type-page","status-publish","hentry"],"yoast_head":"<!-- This site is optimized with the Yoast SEO plugin v27.5 - https:\/\/yoast.com\/product\/yoast-seo-wordpress\/ -->\n<title>\u0627\u0644\u0645\u062f\u0631\u0633\u0629 - Institut Richelieu<\/title>\n<meta name=\"robots\" content=\"index, follow, max-snippet:-1, max-image-preview:large, max-video-preview:-1\" \/>\n<link rel=\"canonical\" href=\"https:\/\/www.institutrichelieu.com\/en\/the-school-jp\/\" \/>\n<meta property=\"og:locale\" content=\"en_US\" \/>\n<meta property=\"og:type\" content=\"article\" \/>\n<meta property=\"og:title\" content=\"\u0627\u0644\u0645\u062f\u0631\u0633\u0629 - Institut Richelieu\" \/>\n<meta property=\"og:url\" content=\"https:\/\/www.institutrichelieu.com\/en\/the-school-jp\/\" \/>\n<meta property=\"og:site_name\" content=\"Institut Richelieu\" \/>\n<meta property=\"article:publisher\" content=\"https:\/\/www.facebook.com\/367947693253990\" \/>\n<meta name=\"twitter:card\" content=\"summary_large_image\" \/>\n<meta name=\"twitter:label1\" content=\"Est. reading time\" \/>\n\t<meta name=\"twitter:data1\" content=\"1 minute\" \/>\n<script type=\"application\/ld+json\" class=\"yoast-schema-graph\">{\"@context\":\"https:\\\/\\\/schema.org\",\"@graph\":[{\"@type\":\"WebPage\",\"@id\":\"https:\\\/\\\/www.institutrichelieu.com\\\/en\\\/the-school-jp\\\/\",\"url\":\"https:\\\/\\\/www.institutrichelieu.com\\\/en\\\/the-school-jp\\\/\",\"name\":\"\u0627\u0644\u0645\u062f\u0631\u0633\u0629 - Institut Richelieu\",\"isPartOf\":{\"@id\":\"https:\\\/\\\/www.institutrichelieu.com\\\/en\\\/#website\"},\"datePublished\":\"2023-09-21T12:07:38+00:00\",\"breadcrumb\":{\"@id\":\"https:\\\/\\\/www.institutrichelieu.com\\\/en\\\/the-school-jp\\\/#breadcrumb\"},\"inLanguage\":\"en-US\",\"potentialAction\":[{\"@type\":\"ReadAction\",\"target\":[\"https:\\\/\\\/www.institutrichelieu.com\\\/en\\\/the-school-jp\\\/\"]}]},{\"@type\":\"BreadcrumbList\",\"@id\":\"https:\\\/\\\/www.institutrichelieu.com\\\/en\\\/the-school-jp\\\/#breadcrumb\",\"itemListElement\":[{\"@type\":\"ListItem\",\"position\":1,\"name\":\"Accueil\",\"item\":\"https:\\\/\\\/www.institutrichelieu.com\\\/en\\\/\"},{\"@type\":\"ListItem\",\"position\":2,\"name\":\"\u0627\u0644\u0645\u062f\u0631\u0633\u0629\"}]},{\"@type\":\"WebSite\",\"@id\":\"https:\\\/\\\/www.institutrichelieu.com\\\/en\\\/#website\",\"url\":\"https:\\\/\\\/www.institutrichelieu.com\\\/en\\\/\",\"name\":\"Institut Richelieu\",\"description\":\"Ecole de langue fran\u00e7aise \u00e0 Lausanne\",\"publisher\":{\"@id\":\"https:\\\/\\\/www.institutrichelieu.com\\\/en\\\/#organization\"},\"potentialAction\":[{\"@type\":\"SearchAction\",\"target\":{\"@type\":\"EntryPoint\",\"urlTemplate\":\"https:\\\/\\\/www.institutrichelieu.com\\\/en\\\/?s={search_term_string}\"},\"query-input\":{\"@type\":\"PropertyValueSpecification\",\"valueRequired\":true,\"valueName\":\"search_term_string\"}}],\"inLanguage\":\"en-US\"},{\"@type\":\"Organization\",\"@id\":\"https:\\\/\\\/www.institutrichelieu.com\\\/en\\\/#organization\",\"name\":\"Institut Richelieu | \u00c9cole de Fran\u00e7ais S\u00c0RL\",\"url\":\"https:\\\/\\\/www.institutrichelieu.com\\\/en\\\/\",\"logo\":{\"@type\":\"ImageObject\",\"inLanguage\":\"en-US\",\"@id\":\"https:\\\/\\\/www.institutrichelieu.com\\\/en\\\/#\\\/schema\\\/logo\\\/image\\\/\",\"url\":\"https:\\\/\\\/www.institutrichelieu.com\\\/wp-content\\\/uploads\\\/2021\\\/10\\\/logo_Institut_Richelieu_Gold_Full.png\",\"contentUrl\":\"https:\\\/\\\/www.institutrichelieu.com\\\/wp-content\\\/uploads\\\/2021\\\/10\\\/logo_Institut_Richelieu_Gold_Full.png\",\"width\":221,\"height\":173,\"caption\":\"Institut Richelieu | \u00c9cole de Fran\u00e7ais S\u00c0RL\"},\"image\":{\"@id\":\"https:\\\/\\\/www.institutrichelieu.com\\\/en\\\/#\\\/schema\\\/logo\\\/image\\\/\"},\"sameAs\":[\"https:\\\/\\\/www.facebook.com\\\/367947693253990\",\"https:\\\/\\\/www.linkedin.com\\\/company\\\/institut-richelieu\"]}]}<\/script>\n<!-- \/ Yoast SEO plugin. -->","yoast_head_json":{"title":"\u0627\u0644\u0645\u062f\u0631\u0633\u0629 - Institut Richelieu","robots":{"index":"index","follow":"follow","max-snippet":"max-snippet:-1","max-image-preview":"max-image-preview:large","max-video-preview":"max-video-preview:-1"},"canonical":"https:\/\/www.institutrichelieu.com\/en\/the-school-jp\/","og_locale":"en_US","og_type":"article","og_title":"\u0627\u0644\u0645\u062f\u0631\u0633\u0629 - Institut Richelieu","og_url":"https:\/\/www.institutrichelieu.com\/en\/the-school-jp\/","og_site_name":"Institut Richelieu","article_publisher":"https:\/\/www.facebook.com\/367947693253990","twitter_card":"summary_large_image","twitter_misc":{"Est. reading time":"1 minute"},"schema":{"@context":"https:\/\/schema.org","@graph":[{"@type":"WebPage","@id":"https:\/\/www.institutrichelieu.com\/en\/the-school-jp\/","url":"https:\/\/www.institutrichelieu.com\/en\/the-school-jp\/","name":"\u0627\u0644\u0645\u062f\u0631\u0633\u0629 - Institut Richelieu","isPartOf":{"@id":"https:\/\/www.institutrichelieu.com\/en\/#website"},"datePublished":"2023-09-21T12:07:38+00:00","breadcrumb":{"@id":"https:\/\/www.institutrichelieu.com\/en\/the-school-jp\/#breadcrumb"},"inLanguage":"en-US","potentialAction":[{"@type":"ReadAction","target":["https:\/\/www.institutrichelieu.com\/en\/the-school-jp\/"]}]},{"@type":"BreadcrumbList","@id":"https:\/\/www.institutrichelieu.com\/en\/the-school-jp\/#breadcrumb","itemListElement":[{"@type":"ListItem","position":1,"name":"Accueil","item":"https:\/\/www.institutrichelieu.com\/en\/"},{"@type":"ListItem","position":2,"name":"\u0627\u0644\u0645\u062f\u0631\u0633\u0629"}]},{"@type":"WebSite","@id":"https:\/\/www.institutrichelieu.com\/en\/#website","url":"https:\/\/www.institutrichelieu.com\/en\/","name":"Institut Richelieu","description":"Ecole de langue fran\u00e7aise \u00e0 Lausanne","publisher":{"@id":"https:\/\/www.institutrichelieu.com\/en\/#organization"},"potentialAction":[{"@type":"SearchAction","target":{"@type":"EntryPoint","urlTemplate":"https:\/\/www.institutrichelieu.com\/en\/?s={search_term_string}"},"query-input":{"@type":"PropertyValueSpecification","valueRequired":true,"valueName":"search_term_string"}}],"inLanguage":"en-US"},{"@type":"Organization","@id":"https:\/\/www.institutrichelieu.com\/en\/#organization","name":"Institut Richelieu | \u00c9cole de Fran\u00e7ais S\u00c0RL","url":"https:\/\/www.institutrichelieu.com\/en\/","logo":{"@type":"ImageObject","inLanguage":"en-US","@id":"https:\/\/www.institutrichelieu.com\/en\/#\/schema\/logo\/image\/","url":"https:\/\/www.institutrichelieu.com\/wp-content\/uploads\/2021\/10\/logo_Institut_Richelieu_Gold_Full.png","contentUrl":"https:\/\/www.institutrichelieu.com\/wp-content\/uploads\/2021\/10\/logo_Institut_Richelieu_Gold_Full.png","width":221,"height":173,"caption":"Institut Richelieu | \u00c9cole de Fran\u00e7ais S\u00c0RL"},"image":{"@id":"https:\/\/www.institutrichelieu.com\/en\/#\/schema\/logo\/image\/"},"sameAs":["https:\/\/www.facebook.com\/367947693253990","https:\/\/www.linkedin.com\/company\/institut-richelieu"]}]}},"_links":{"self":[{"href":"https:\/\/www.institutrichelieu.com\/en\/wp-json\/wp\/v2\/pages\/26287","targetHints":{"allow":["GET"]}}],"collection":[{"href":"https:\/\/www.institutrichelieu.com\/en\/wp-json\/wp\/v2\/pages"}],"about":[{"href":"https:\/\/www.institutrichelieu.com\/en\/wp-json\/wp\/v2\/types\/page"}],"author":[{"embeddable":true,"href":"https:\/\/www.institutrichelieu.com\/en\/wp-json\/wp\/v2\/users\/6"}],"replies":[{"embeddable":true,"href":"https:\/\/www.institutrichelieu.com\/en\/wp-json\/wp\/v2\/comments?post=26287"}],"version-history":[{"count":1,"href":"https:\/\/www.institutrichelieu.com\/en\/wp-json\/wp\/v2\/pages\/26287\/revisions"}],"predecessor-version":[{"id":26288,"href":"https:\/\/www.institutrichelieu.com\/en\/wp-json\/wp\/v2\/pages\/26287\/revisions\/26288"}],"wp:attachment":[{"href":"https:\/\/www.institutrichelieu.com\/en\/wp-json\/wp\/v2\/media?parent=26287"}],"curies":[{"name":"wp","href":"https:\/\/api.w.org\/{rel}","templated":true}]}}